{"id":866,"date":"2025-09-02T06:07:30","date_gmt":"2025-09-02T06:07:30","guid":{"rendered":"https:\/\/educationnext.hu\/?page_id=866"},"modified":"2026-02-09T18:56:16","modified_gmt":"2026-02-09T18:56:16","slug":"fenntarthatosagi-keszsegek-fejlesztese-e-book","status":"publish","type":"page","link":"https:\/\/educationnext.hu\/en\/fenntarthatosagi-keszsegek-fejlesztese-e-book\/","title":{"rendered":"Developing sustainability skills"},"content":{"rendered":"\n[et_pb_section fb_built=&#8221;1&#8243; fullwidth=&#8221;on&#8221; disabled_on=&#8221;on|off|off&#8221; admin_label=&#8221;Page Header&#8221; _builder_version=&#8221;4.16&#8243; background_image=&#8221;https:\/\/educationnext.hu\/wp-content\/uploads\/sites\/89\/2024\/09\/business-01.jpg&#8221; parallax=&#8221;on&#8221; global_colors_info=&#8221;{}&#8221;][et_pb_fullwidth_header title=&#8221;Developing sustainability skills for secondary school teachers through educational technology&#8221; text_orientation=&#8221;center&#8221; button_one_url=&#8221;@ET-DC@eyJkeW5hbWljIjp0cnVlLCJjb250ZW50IjoicG9zdF9saW5rX3VybF9wYWdlIiwic2V0dGluZ3MiOnsicG9zdF9pZCI6IjE1OSJ9fQ==@&#8221; button_two_url=&#8221;#&#8221; admin_label=&#8221;Hero Section&#8221; _builder_version=&#8221;4.27.4&#8243; _dynamic_attributes=&#8221;button_one_url&#8221; title_font=&#8221;Montserrat|on|||&#8221; title_font_size=&#8221;60px&#8221; title_line_height=&#8221;1.4em&#8221; content_font_size=&#8221;22px&#8221; content_line_height=&#8221;1.8em&#8221; subhead_font=&#8221;||||&#8221; background_color=&#8221;rgba(255, 255, 255, 0)&#8221; use_background_color_gradient=&#8221;on&#8221; background_color_gradient_stops=&#8221;rgba(58,52,226,0.93) 0%|rgba(73,108,220,0.7) 100%&#8221; background_color_gradient_start=&#8221;rgba(58,52,226,0.93)&#8221; background_color_gradient_end=&#8221;rgba(73,108,220,0.7)&#8221; custom_button_one=&#8221;on&#8221; button_one_text_size=&#8221;16px&#8221; button_one_bg_color=&#8221;#6eba01&#8243; button_one_border_width=&#8221;2px&#8221; button_one_border_color=&#8221;#6eba01&#8243; button_one_border_radius=&#8221;0&#8243; button_one_letter_spacing=&#8221;2&#8243; button_one_font=&#8221;Montserrat|||on|&#8221; button_one_use_icon=&#8221;off&#8221; custom_button_two=&#8221;on&#8221; button_two_text_size=&#8221;16px&#8221; button_two_border_width=&#8221;2px&#8221; button_two_border_color=&#8221;#ffffff&#8221; button_two_border_radius=&#8221;0&#8243; button_two_letter_spacing=&#8221;2&#8243; button_two_font=&#8221;Montserrat|||on|&#8221; button_two_use_icon=&#8221;off&#8221; module_alignment=&#8221;left&#8221; custom_margin=&#8221;|||&#8221; custom_padding=&#8221;120px||120px|&#8221; animation_style=&#8221;fade&#8221; button_one_text_color_hover=&#8221;#6eba01&#8243; button_two_text_color_hover=&#8221;#6eba01&#8243; button_one_border_color_hover=&#8221;#ffffff&#8221; button_two_border_color_hover=&#8221;#ffffff&#8221; button_one_border_radius_hover=&#8221;0&#8243; button_two_border_radius_hover=&#8221;0&#8243; button_one_letter_spacing_hover=&#8221;2&#8243; button_two_letter_spacing_hover=&#8221;2&#8243; button_one_bg_color_hover=&#8221;#ffffff&#8221; button_two_bg_color_hover=&#8221;#ffffff&#8221; global_colors_info=&#8221;{}&#8221; button_one_text_size__hover_enabled=&#8221;off&#8221; button_two_text_size__hover_enabled=&#8221;off&#8221; button_one_text_color__hover_enabled=&#8221;on&#8221; button_one_text_color__hover=&#8221;#6eba01&#8243; button_two_text_color__hover_enabled=&#8221;on&#8221; button_two_text_color__hover=&#8221;#6eba01&#8243; button_one_border_width__hover_enabled=&#8221;off&#8221; button_two_border_width__hover_enabled=&#8221;off&#8221; button_one_border_color__hover_enabled=&#8221;on&#8221; button_one_border_color__hover=&#8221;#ffffff&#8221; button_two_border_color__hover_enabled=&#8221;on&#8221; button_two_border_color__hover=&#8221;#ffffff&#8221; button_one_border_radius__hover_enabled=&#8221;on&#8221; button_one_border_radius__hover=&#8221;0&#8243; button_two_border_radius__hover_enabled=&#8221;on&#8221; button_two_border_radius__hover=&#8221;0&#8243; button_one_letter_spacing__hover_enabled=&#8221;on&#8221; button_one_letter_spacing__hover=&#8221;2&#8243; button_two_letter_spacing__hover_enabled=&#8221;on&#8221; button_two_letter_spacing__hover=&#8221;2&#8243; button_one_bg_color__hover_enabled=&#8221;on&#8221; button_one_bg_color__hover=&#8221;#ffffff&#8221; button_two_bg_color__hover_enabled=&#8221;on&#8221; button_two_bg_color__hover=&#8221;#ffffff&#8221;]<p>&nbsp;<\/p>\n<p>&nbsp;<\/p>[\/et_pb_fullwidth_header][\/et_pb_section][et_pb_section fb_built=&#8221;1&#8243; fullwidth=&#8221;on&#8221; disabled_on=&#8221;off|on|on&#8221; admin_label=&#8221;Page Header&#8221; _builder_version=&#8221;4.16&#8243; background_image=&#8221;https:\/\/educationnext.hu\/wp-content\/uploads\/sites\/89\/2024\/09\/business-01.jpg&#8221; parallax=&#8221;on&#8221; global_colors_info=&#8221;{}&#8221;][et_pb_fullwidth_header title=&#8221;Developing sustainability skills for secondary school teachers through educational technology&#8221; text_orientation=&#8221;center&#8221; admin_label=&#8221;Hero Section&#8221; _builder_version=&#8221;4.27.4&#8243; title_font=&#8221;Montserrat|on|||&#8221; title_text_align=&#8221;center&#8221; title_font_size=&#8221;32px&#8221; title_line_height=&#8221;1.4em&#8221; content_font_size=&#8221;22px&#8221; content_line_height=&#8221;1.8em&#8221; subhead_font=&#8221;||||&#8221; background_color=&#8221;rgba(255, 255, 255, 0)&#8221; use_background_color_gradient=&#8221;on&#8221; background_color_gradient_stops=&#8221;rgba(58,52,226,0.93) 0%|rgba(73,108,220,0.7) 100%&#8221; background_color_gradient_start=&#8221;rgba(58,52,226,0.93)&#8221; background_color_gradient_end=&#8221;rgba(73,108,220,0.7)&#8221; custom_button_one=&#8221;on&#8221; button_one_text_size=&#8221;16px&#8221; button_one_bg_color=&#8221;#6eba01&#8243; button_one_border_width=&#8221;2px&#8221; button_one_border_color=&#8221;#6eba01&#8243; button_one_border_radius=&#8221;0&#8243; button_one_letter_spacing=&#8221;2&#8243; button_one_font=&#8221;Montserrat|||on|&#8221; button_one_use_icon=&#8221;off&#8221; custom_button_two=&#8221;on&#8221; button_two_text_size=&#8221;16px&#8221; button_two_border_width=&#8221;2px&#8221; button_two_border_color=&#8221;#ffffff&#8221; button_two_border_radius=&#8221;0&#8243; button_two_letter_spacing=&#8221;2&#8243; button_two_font=&#8221;Montserrat|||on|&#8221; button_two_use_icon=&#8221;off&#8221; module_alignment=&#8221;left&#8221; custom_margin=&#8221;|||&#8221; custom_padding=&#8221;120px||120px|&#8221; animation_style=&#8221;fade&#8221; button_one_text_color_hover=&#8221;#6eba01&#8243; button_two_text_color_hover=&#8221;#6eba01&#8243; button_one_border_color_hover=&#8221;#ffffff&#8221; button_two_border_color_hover=&#8221;#ffffff&#8221; button_one_border_radius_hover=&#8221;0&#8243; button_two_border_radius_hover=&#8221;0&#8243; button_one_letter_spacing_hover=&#8221;2&#8243; button_two_letter_spacing_hover=&#8221;2&#8243; button_one_bg_color_hover=&#8221;#ffffff&#8221; button_two_bg_color_hover=&#8221;#ffffff&#8221; global_colors_info=&#8221;{}&#8221; button_one_text_size__hover_enabled=&#8221;off&#8221; button_two_text_size__hover_enabled=&#8221;off&#8221; button_one_text_color__hover_enabled=&#8221;on&#8221; button_one_text_color__hover=&#8221;#6eba01&#8243; button_two_text_color__hover_enabled=&#8221;on&#8221; button_two_text_color__hover=&#8221;#6eba01&#8243; button_one_border_width__hover_enabled=&#8221;off&#8221; button_two_border_width__hover_enabled=&#8221;off&#8221; button_one_border_color__hover_enabled=&#8221;on&#8221; button_one_border_color__hover=&#8221;#ffffff&#8221; button_two_border_color__hover_enabled=&#8221;on&#8221; button_two_border_color__hover=&#8221;#ffffff&#8221; button_one_border_radius__hover_enabled=&#8221;on&#8221; button_one_border_radius__hover=&#8221;0&#8243; button_two_border_radius__hover_enabled=&#8221;on&#8221; button_two_border_radius__hover=&#8221;0&#8243; button_one_letter_spacing__hover_enabled=&#8221;on&#8221; button_one_letter_spacing__hover=&#8221;2&#8243; button_two_letter_spacing__hover_enabled=&#8221;on&#8221; button_two_letter_spacing__hover=&#8221;2&#8243; button_one_bg_color__hover_enabled=&#8221;on&#8221; button_one_bg_color__hover=&#8221;#ffffff&#8221; button_two_bg_color__hover_enabled=&#8221;on&#8221; button_two_bg_color__hover=&#8221;#ffffff&#8221;]<p>&nbsp;<\/p>\n<p>&nbsp;<\/p>[\/et_pb_fullwidth_header][\/et_pb_section][et_pb_section fb_built=&#8221;1&#8243; admin_label=&#8221;Projects&#8221; _builder_version=&#8221;4.16&#8243; custom_margin=&#8221;||-1px|||&#8221; custom_padding=&#8221;90px||0px||false|false&#8221; global_colors_info=&#8221;{}&#8221;][et_pb_row _builder_version=&#8221;4.24.1&#8243; background_size=&#8221;initial&#8221; background_position=&#8221;top_left&#8221; background_repeat=&#8221;repeat&#8221; custom_padding=&#8221;45px|||&#8221; locked=&#8221;off&#8221; global_colors_info=&#8221;{}&#8221;][et_pb_column type=&#8221;4_4&#8243; _builder_version=&#8221;4.24.1&#8243; background_color=&#8221;RGBA(255,255,255,0)&#8221; custom_padding=&#8221;40px|40px|40px|40px|true|true&#8221; box_shadow_style=&#8221;preset2&#8243; box_shadow_horizontal=&#8221;10px&#8221; box_shadow_vertical=&#8221;5px&#8221; box_shadow_blur=&#8221;24px&#8221; box_shadow_spread=&#8221;-10px&#8221; global_colors_info=&#8221;{}&#8221; custom_padding__hover=&#8221;|||&#8221;][et_pb_text _builder_version=&#8221;4.27.4&#8243; _module_preset=&#8221;default&#8221; text_font_size=&#8221;16px&#8221; custom_padding=&#8221;0px|||||&#8221; global_colors_info=&#8221;{}&#8221;]<p><strong>About the\u00a0project<\/strong><\/p>\n<p><span style=\"font-size: 16px;\">The international project &#8220;Education Technology as a Contributor to Sustainability Skills&#8221; aims to support the development of sustainability skills in the Visegrad (V4) countries through modern pedagogical and educational technology (EdTech) approaches.<\/span><\/p>\n<p>The project is implemented by the HEPA Hungarian Export Promotion Agency with three partners: the Education:Next Educational Technology Association (Hungary), the Institute for the Innovation of Education (Slovakia) and Maker Faire Czech Republic (Czech Republic).<\/p>\n<p>The project aims to bridge education, technological innovation and sustainability, while strengthening the network of educational actors in the region. Sustainability is now not only an environmental but also an economic and social issue, and education systems have a key role to play in equipping young people with the green competences to become informed decision-makers, systemic thinkers and active citizens. The project will support this approach, with a particular focus on methodological and technological training for teachers.<\/p>\n<p>One of the main pillars of the programme is a 30-hour blended teacher training course, which builds on STEAM and SEEQS approaches in addition to the theoretical and practical aspects of sustainability. The pilot training has resulted in an accreditation-ready teacher training curriculum that can be freely adapted for use in other countries&#8217; educational environments.<\/p>\n<p><strong>The e-book<\/strong><\/p>\n<p>One of the results of the project is this e-book entitled Developing Sustainability Skills through Educational Technology, which presents in detail the themes, methodological background, good practices, and Edtech companies and solutions from the V4 countries participating in the project.<\/p>[\/et_pb_text][et_pb_text _builder_version=&#8221;4.27.4&#8243; _module_preset=&#8221;default&#8221; text_font_size=&#8221;16px&#8221; custom_margin=&#8221;61px|||||&#8221; global_colors_info=&#8221;{}&#8221;]<h3><strong>Developing sustainability skills for secondary school teachers through educational technology e-book<\/strong><\/h3>[\/et_pb_text][et_pb_code _builder_version=&#8221;4.27.4&#8243; _module_preset=&#8221;default&#8221; custom_padding=&#8221;56px|||||&#8221; global_colors_info=&#8221;{}&#8221;]<iframe allowfullscreen=\"allowfullscreen\" allow=\"clipboard-write\" scrolling=\"no\" class=\"fp-iframe\" src=\"https:\/\/heyzine.com\/flip-book\/69c900f694.html\" style=\"border: 1px solid lightgray; width: 100%; height: 600px;\"><\/iframe>[\/et_pb_code][et_pb_text _builder_version=&#8221;4.27.4&#8243; _module_preset=&#8221;default&#8221; text_font_size=&#8221;16px&#8221; custom_margin=&#8221;16px|||||&#8221; link_option_url_new_window=&#8221;on&#8221; global_colors_info=&#8221;{}&#8221;]<p>The e-book in English can be downloaded here:<a href=\"https:\/\/educationnext.hu\/wp-content\/uploads\/sites\/89\/2025\/08\/EDU_NEXT_ENG2.pdf\" target=\"_blank\" rel=\"noopener\"> <strong>E-BOOK<\/strong><\/a><\/p>[\/et_pb_text][et_pb_text _builder_version=&#8221;4.27.4&#8243; _module_preset=&#8221;default&#8221; text_font_size=&#8221;16px&#8221; global_colors_info=&#8221;{}&#8221;]<h3><strong>Fenntarthat\u00f3s\u00e1gi k\u00e9szs\u00e9gek fejleszt\u00e9se az oktat\u00e1stechnol\u00f3giai seg\u00edts\u00e9g\u00e9vel <br \/>e-book\u00a0<\/strong><\/h3>[\/et_pb_text][et_pb_code _builder_version=&#8221;4.27.4&#8243; _module_preset=&#8221;default&#8221; global_colors_info=&#8221;{}&#8221;]<iframe allowfullscreen=\"allowfullscreen\" allow=\"clipboard-write\" scrolling=\"no\" class=\"fp-iframe\" src=\"https:\/\/heyzine.com\/flip-book\/51920b8301.html\" style=\"border: 1px solid lightgray; width: 100%; height: 600px;\"><\/iframe>[\/et_pb_code][et_pb_heading _builder_version=&#8221;4.27.4&#8243; _module_preset=&#8221;default&#8221; global_colors_info=&#8221;{}&#8221;][\/et_pb_heading][et_pb_text _builder_version=&#8221;4.27.4&#8243; _module_preset=&#8221;default&#8221; text_font_size=&#8221;16px&#8221; custom_margin=&#8221;16px|||||&#8221; link_option_url_new_window=&#8221;on&#8221; global_colors_info=&#8221;{}&#8221;]<p>Az e-book magyar nyelven innen let\u00f6lthet\u0151: <a href=\"https:\/\/educationnext.hu\/wp-content\/uploads\/sites\/89\/2025\/08\/EDU_NEXT_HUN.pdf\" target=\"_blank\" rel=\"noopener\"><strong>E-BOOK<\/strong><\/a><\/p>[\/et_pb_text][et_pb_text _builder_version=&#8221;4.27.4&#8243; _module_preset=&#8221;default&#8221; text_font_size=&#8221;16px&#8221; custom_margin=&#8221;60px|||||&#8221; global_colors_info=&#8221;{}&#8221;]<h3><strong>Rozvoj schopnost\u00ed v oblasti udr\u017eate\u013enosti s podporou eduka\u010dn\u00fdch technol\u00f3gi\u00ed pre u\u010dite\u013eov stredn\u00fdch \u0161k\u00f4l e-book<\/strong><\/h3>[\/et_pb_text][et_pb_code _builder_version=&#8221;4.27.4&#8243; _module_preset=&#8221;default&#8221; global_colors_info=&#8221;{}&#8221;]<iframe allowfullscreen=\"allowfullscreen\" allow=\"clipboard-write\" scrolling=\"no\" class=\"fp-iframe\" src=\"https:\/\/heyzine.com\/flip-book\/f591bd7c37.html\" style=\"border: 1px solid lightgray; width: 100%; height: 600px;\"><\/iframe>[\/et_pb_code][et_pb_text _builder_version=&#8221;4.27.4&#8243; _module_preset=&#8221;default&#8221; text_font_size=&#8221;16px&#8221; custom_margin=&#8221;16px|||||&#8221; hover_enabled=&#8221;0&#8243; global_colors_info=&#8221;{}&#8221; sticky_enabled=&#8221;0&#8243;]<p>E-knihu si m\u00f4\u017eete stiahnu\u0165 v sloven\u010dine tu: <a href=\"https:\/\/educationnext.hu\/wp-content\/uploads\/sites\/89\/2025\/08\/EDU_NEXT_SK2.pdf\" target=\"_blank\" rel=\"noopener\"><strong>E-BOOK<\/strong><\/a><\/p>[\/et_pb_text][et_pb_text _builder_version=&#8221;4.27.4&#8243; _module_preset=&#8221;default&#8221; text_font_size=&#8221;16px&#8221; min_height=&#8221;54px&#8221; custom_margin=&#8221;60px|||||&#8221; global_colors_info=&#8221;{}&#8221;]<h3><strong>Rozvoj schopnost\u00ed v oblasti udr\u017eitelnosti pomoc\u00ed vzd\u011bl\u00e1vac\u00edch technologi\u00ed pro u\u010ditele st\u0159edn\u00edch \u0161kol e-book<\/strong><\/h3>[\/et_pb_text][et_pb_code _builder_version=&#8221;4.27.4&#8243; _module_preset=&#8221;default&#8221; global_colors_info=&#8221;{}&#8221;]<iframe allowfullscreen=\"allowfullscreen\" allow=\"clipboard-write\" scrolling=\"no\" class=\"fp-iframe\" src=\"https:\/\/heyzine.com\/flip-book\/6e07c7d661.html\" style=\"border: 1px solid lightgray; width: 100%; height: 600px;\"><\/iframe>[\/et_pb_code][et_pb_text _builder_version=&#8221;4.27.4&#8243; _module_preset=&#8221;default&#8221; text_font_size=&#8221;16px&#8221; custom_margin=&#8221;16px|||||&#8221; hover_enabled=&#8221;0&#8243; global_colors_info=&#8221;{}&#8221; sticky_enabled=&#8221;0&#8243;]<p>E-knihu v \u010de\u0161tin\u011b si m\u016f\u017eete st\u00e1hnout zde: <a href=\"https:\/\/educationnext.hu\/wp-content\/uploads\/sites\/89\/2025\/08\/EDU_NEXT_CZ2.pdf\" target=\"_blank\" rel=\"noopener\"><strong>E-BOOK<\/strong><\/a><\/p>[\/et_pb_text][et_pb_image src=&#8221;https:\/\/educationnext.hu\/wp-content\/uploads\/sites\/89\/2025\/02\/Your-parIVF-kotelezo-logoszoveg.jpg&#8221; title_text=&#8221;Your parIVF ko\u0308telezo\u030b logo+szo\u0308veg&#8221; _builder_version=&#8221;4.27.4&#8243; _module_preset=&#8221;default&#8221; global_colors_info=&#8221;{}&#8221;][\/et_pb_image][\/et_pb_column][\/et_pb_row][et_pb_row column_structure=&#8221;1_2,1_2&#8243; use_custom_gutter=&#8221;on&#8221; gutter_width=&#8221;1&#8243; make_equal=&#8221;on&#8221; module_class=&#8221; et_pb_row_fullwidth&#8221; _builder_version=&#8221;4.14.1&#8243; background_size=&#8221;initial&#8221; background_position=&#8221;top_left&#8221; background_repeat=&#8221;repeat&#8221; width=&#8221;100%&#8221; width_tablet=&#8221;100%&#8221; width_phone=&#8221;100%&#8221; width_last_edited=&#8221;on|desktop&#8221; max_width=&#8221;100%&#8221; max_width_tablet=&#8221;100%&#8221; max_width_phone=&#8221;100%&#8221; max_width_last_edited=&#8221;on|desktop&#8221; min_height=&#8221;660px&#8221; custom_margin=&#8221;auto|auto|auto|auto|false|false&#8221; custom_padding=&#8221;100px||1px||false|false&#8221; make_fullwidth=&#8221;on&#8221; global_module=&#8221;114&#8243; saved_tabs=&#8221;all&#8221; global_colors_info=&#8221;{}&#8221;][et_pb_column type=&#8221;1_2&#8243; _builder_version=&#8221;4.16&#8243; use_background_color_gradient=&#8221;on&#8221; background_image=&#8221;https:\/\/educationnext.hu\/wp-content\/uploads\/sites\/89\/2024\/08\/business-02.jpg&#8221; background_position=&#8221;top_left&#8221; custom_padding=&#8221;150px||||false|false&#8221; global_colors_info=&#8221;{}&#8221; custom_padding__hover=&#8221;|||&#8221;][\/et_pb_column][et_pb_column type=&#8221;1_2&#8243; _builder_version=&#8221;4.24.1&#8243; background_color=&#8221;#f4f4f4&#8243; background_position=&#8221;top_left&#8221; custom_padding=&#8221;10%|6%|10%|6%|false|false&#8221; global_colors_info=&#8221;{}&#8221; custom_padding__hover=&#8221;|||&#8221;][et_pb_divider color=&#8221;#4e5ed0&#8243; divider_weight=&#8221;3px&#8221; disabled_on=&#8221;off|off|off&#8221; _builder_version=&#8221;4.24.1&#8243; background_color_gradient_direction=&#8221;90deg&#8221; max_width=&#8221;100px&#8221; module_alignment=&#8221;left&#8221; height=&#8221;5px&#8221; custom_margin=&#8221;||20px|&#8221; custom_padding=&#8221;||20px|&#8221; animation_direction=&#8221;bottom&#8221; locked=&#8221;off&#8221; global_colors_info=&#8221;{}&#8221;][\/et_pb_divider][et_pb_cta title=&#8221;Become a member of a leading professional community&#8221; button_url=&#8221;@ET-DC@eyJkeW5hbWljIjp0cnVlLCJjb250ZW50IjoicG9zdF9saW5rX3VybF9wYWdlIiwic2V0dGluZ3MiOnsicG9zdF9pZCI6IjE1OSJ9fQ==@&#8221; button_text=&#8221;I apply&#8221; admin_label=&#8221;Feature 01&#8243; _builder_version=&#8221;4.27.4&#8243; _dynamic_attributes=&#8221;button_url&#8221; header_font=&#8221;Montserrat||||&#8221; header_text_color=&#8221;#1f1f1f&#8221; header_font_size=&#8221;36&#8243; header_line_height=&#8221;1.4em&#8221; body_font_size=&#8221;16&#8243; body_line_height=&#8221;1.9em&#8221; use_background_color=&#8221;off&#8221; custom_button=&#8221;on&#8221; button_text_size=&#8221;18&#8243; button_text_color=&#8221;#ffffff&#8221; button_bg_color=&#8221;#6eba01&#8243; button_border_color=&#8221;#6eba01&#8243; button_border_radius=&#8221;0&#8243; button_letter_spacing=&#8221;2&#8243; button_font=&#8221;Montserrat|||on|&#8221; button_use_icon=&#8221;off&#8221; text_orientation=&#8221;left&#8221; background_layout=&#8221;light&#8221; max_width=&#8221;450px&#8221; module_alignment=&#8221;left&#8221; custom_margin=&#8221;|||&#8221; custom_padding=&#8221;|||&#8221; animation_style=&#8221;fold&#8221; animation_direction=&#8221;bottom&#8221; animation_intensity_fold=&#8221;15%&#8221; button_text_color_hover=&#8221;#6eba01&#8243; button_border_color_hover=&#8221;#6eba01&#8243; button_border_radius_hover=&#8221;0&#8243; button_letter_spacing_hover=&#8221;2&#8243; button_bg_color_hover=&#8221;rgba(0,0,0,0)&#8221; locked=&#8221;off&#8221; global_colors_info=&#8221;{}&#8221; button_text_size__hover_enabled=&#8221;off&#8221; button_one_text_size__hover_enabled=&#8221;off&#8221; button_two_text_size__hover_enabled=&#8221;off&#8221; button_text_color__hover_enabled=&#8221;on&#8221; button_text_color__hover=&#8221;#6eba01&#8243; button_one_text_color__hover_enabled=&#8221;off&#8221; button_two_text_color__hover_enabled=&#8221;off&#8221; button_border_width__hover_enabled=&#8221;off&#8221; button_one_border_width__hover_enabled=&#8221;off&#8221; button_two_border_width__hover_enabled=&#8221;off&#8221; button_border_color__hover_enabled=&#8221;on&#8221; button_border_color__hover=&#8221;#6eba01&#8243; button_one_border_color__hover_enabled=&#8221;off&#8221; button_two_border_color__hover_enabled=&#8221;off&#8221; button_border_radius__hover_enabled=&#8221;on&#8221; button_border_radius__hover=&#8221;0&#8243; button_one_border_radius__hover_enabled=&#8221;off&#8221; button_two_border_radius__hover_enabled=&#8221;off&#8221; button_letter_spacing__hover_enabled=&#8221;on&#8221; button_letter_spacing__hover=&#8221;2&#8243; button_one_letter_spacing__hover_enabled=&#8221;off&#8221; button_two_letter_spacing__hover_enabled=&#8221;off&#8221; button_bg_color__hover_enabled=&#8221;on&#8221; button_bg_color__hover=&#8221;rgba(0,0,0,0)&#8221; button_one_bg_color__hover_enabled=&#8221;off&#8221; button_two_bg_color__hover_enabled=&#8221;off&#8221;]<p>An active professional community promoting educational technology and its stakeholders.<\/p>[\/et_pb_cta][\/et_pb_column][\/et_pb_row][\/et_pb_section]\n","protected":false},"excerpt":{"rendered":"<p>&nbsp; &nbsp;&nbsp; &nbsp;About the\u00a0project The international project &#8220;Education Technology as a Contributor to Sustainability Skills&#8221; aims to support the development of sustainability skills in the Visegrad (V4) countries through modern pedagogical and educational technology (EdTech) approaches. The project is implemented by the HEPA Hungarian Export Promotion Agency with three partners: the Education:Next Educational Technology Association <a href=\"https:\/\/educationnext.hu\/en\/fenntarthatosagi-keszsegek-fejlesztese-e-book\/\"> [&hellip;]<\/a><\/p>\n","protected":false},"author":7,"featured_media":0,"parent":0,"menu_order":0,"comment_status":"closed","ping_status":"closed","template":"","meta":{"_et_pb_use_builder":"on","_et_pb_old_content":"","_et_gb_content_width":"","footnotes":""},"class_list":["post-866","page","type-page","status-publish","hentry"],"_links":{"self":[{"href":"https:\/\/educationnext.hu\/en\/wp-json\/wp\/v2\/pages\/866","targetHints":{"allow":["GET"]}}],"collection":[{"href":"https:\/\/educationnext.hu\/en\/wp-json\/wp\/v2\/pages"}],"about":[{"href":"https:\/\/educationnext.hu\/en\/wp-json\/wp\/v2\/types\/page"}],"author":[{"embeddable":true,"href":"https:\/\/educationnext.hu\/en\/wp-json\/wp\/v2\/users\/7"}],"replies":[{"embeddable":true,"href":"https:\/\/educationnext.hu\/en\/wp-json\/wp\/v2\/comments?post=866"}],"version-history":[{"count":2,"href":"https:\/\/educationnext.hu\/en\/wp-json\/wp\/v2\/pages\/866\/revisions"}],"predecessor-version":[{"id":1068,"href":"https:\/\/educationnext.hu\/en\/wp-json\/wp\/v2\/pages\/866\/revisions\/1068"}],"wp:attachment":[{"href":"https:\/\/educationnext.hu\/en\/wp-json\/wp\/v2\/media?parent=866"}],"curies":[{"name":"wp","href":"https:\/\/api.w.org\/{rel}","templated":true}]}}